{"id":235,"date":"2019-12-03T07:54:44","date_gmt":"2019-12-03T07:54:44","guid":{"rendered":"http:\/\/www.sportzazdravje.si\/?page_id=235"},"modified":"2022-10-30T21:17:52","modified_gmt":"2022-10-30T21:17:52","slug":"domov","status":"publish","type":"page","link":"https:\/\/www.sportzazdravje.si\/en\/","title":{"rendered":"Domov"},"content":{"rendered":"<div data-elementor-type=\"wp-page\" data-elementor-id=\"235\" class=\"elementor elementor-235\">\n\t\t\t\t\t\t<div class=\"elementor-inner\">\n\t\t\t\t<div class=\"elementor-section-wrap\">\n\t\t\t\t\t\t\t\t\t<section class=\"elementor-section elementor-top-section elementor-element elementor-element-1da78837 elementor-section-height-min-height elementor-section-stretched elementor-section-full_width animated-slow parallax elementor-section-items-stretch elementor-section-content-top elementor-section-height-default\" data-id=\"1da78837\" data-element_type=\"section\" data-settings=\"{&quot;background_background&quot;:&quot;classic&quot;,&quot;stretch_section&quot;:&quot;section-stretched&quot;,&quot;animation&quot;:&quot;none&quot;,&quot;animation_mobile&quot;:&quot;fadeIn&quot;}\">\n\t\t\t\t\t\t\t<div class=\"elementor-background-overlay\"><\/div>\n\t\t\t\t\t\t\t<div class=\"elementor-container elementor-column-gap-default\">\n\t\t\t\t\t\t\t<div class=\"elementor-row\">\n\t\t\t\t\t<div class=\"elementor-column elementor-col-100 elementor-top-column elementor-element elementor-element-306b145c elementor-invisible\" data-id=\"306b145c\" data-element_type=\"column\" data-settings=\"{&quot;animation&quot;:&quot;fadeIn&quot;,&quot;background_background&quot;:&quot;classic&quot;}\">\n\t\t\t<div class=\"elementor-column-wrap\">\n\t\t\t\t\t\t\t<div class=\"elementor-widget-wrap\">\n\t\t\t\t\t\t\t\t<\/div>\n\t\t\t\t\t<\/div>\n\t\t<\/div>\n\t\t\t\t\t\t\t\t<\/div>\n\t\t\t\t\t<\/div>\n\t\t<\/section>\n\t\t\t\t<section class=\"elementor-section elementor-top-section elementor-element elementor-element-f804fcb elementor-section-full_width elementor-section-content-middle elementor-section-height-default elementor-section-height-default\" data-id=\"f804fcb\" data-element_type=\"section\">\n\t\t\t\t\t\t<div class=\"elementor-container elementor-column-gap-default\">\n\t\t\t\t\t\t\t<div class=\"elementor-row\">\n\t\t\t\t\t<div class=\"elementor-column elementor-col-100 elementor-top-column elementor-element elementor-element-689378f\" data-id=\"689378f\" data-element_type=\"column\">\n\t\t\t<div class=\"elementor-column-wrap elementor-element-populated\">\n\t\t\t\t\t\t\t<div class=\"elementor-widget-wrap\">\n\t\t\t\t\t\t<div class=\"elementor-element elementor-element-4765b1d elementor-aspect-ratio-169 elementor-widget elementor-widget-video\" data-id=\"4765b1d\" data-element_type=\"widget\" data-settings=\"{&quot;video_type&quot;:&quot;hosted&quot;,&quot;autoplay&quot;:&quot;yes&quot;,&quot;play_on_mobile&quot;:&quot;yes&quot;,&quot;controls&quot;:&quot;yes&quot;,&quot;aspect_ratio&quot;:&quot;169&quot;}\" data-widget_type=\"video.default\">\n\t\t\t\t<div class=\"elementor-widget-container\">\n\t\t\t\t\t<div class=\"e-hosted-video elementor-wrapper elementor-fit-aspect-ratio elementor-open-inline\">\n\t\t\t\t\t<video class=\"elementor-video\" src=\"http:\/\/www.sportzazdravje.si\/wp-content\/uploads\/2022\/05\/Sport za zdravje_16-9.mp4\" autoplay=\"\" controls=\"\" playsinline=\"\" controlslist=\"nodownload\"><\/video>\n\t\t\t\t<\/div>\n\t\t\t\t<\/div>\n\t\t\t\t<\/div>\n\t\t\t\t\t\t<\/div>\n\t\t\t\t\t<\/div>\n\t\t<\/div>\n\t\t\t\t\t\t\t\t<\/div>\n\t\t\t\t\t<\/div>\n\t\t<\/section>\n\t\t\t\t<section class=\"elementor-section elementor-top-section elementor-element elementor-element-3f0c744 elementor-section-full_width elementor-section-content-middle elementor-section-stretched elementor-section-height-default elementor-section-height-default\" data-id=\"3f0c744\" data-element_type=\"section\" data-settings=\"{&quot;stretch_section&quot;:&quot;section-stretched&quot;}\">\n\t\t\t\t\t\t<div class=\"elementor-container elementor-column-gap-default\">\n\t\t\t\t\t\t\t<div class=\"elementor-row\">\n\t\t\t\t\t<div class=\"elementor-column elementor-col-100 elementor-top-column elementor-element elementor-element-60d94c5\" data-id=\"60d94c5\" data-element_type=\"column\">\n\t\t\t<div class=\"elementor-column-wrap elementor-element-populated\">\n\t\t\t\t\t\t\t<div class=\"elementor-widget-wrap\">\n\t\t\t\t\t\t<div class=\"elementor-element elementor-element-fc99d09 elementor-widget elementor-widget-menu-anchor\" data-id=\"fc99d09\" data-element_type=\"widget\" data-widget_type=\"menu-anchor.default\">\n\t\t\t\t<div class=\"elementor-widget-container\">\n\t\t\t\t\t<div id=\"ProgramOnas\" class=\"elementor-menu-anchor\"><\/div>\n\t\t\t\t<\/div>\n\t\t\t\t<\/div>\n\t\t\t\t\t\t<\/div>\n\t\t\t\t\t<\/div>\n\t\t<\/div>\n\t\t\t\t\t\t\t\t<\/div>\n\t\t\t\t\t<\/div>\n\t\t<\/section>\n\t\t\t\t<section class=\"elementor-section elementor-top-section elementor-element elementor-element-ee4acba elementor-section-full_width elementor-section-height-default elementor-section-height-default\" data-id=\"ee4acba\" data-element_type=\"section\">\n\t\t\t\t\t\t<div class=\"elementor-container elementor-column-gap-default\">\n\t\t\t\t\t\t\t<div class=\"elementor-row\">\n\t\t\t\t\t<div class=\"elementor-column elementor-col-100 elementor-top-column elementor-element elementor-element-6d1b70b\" data-id=\"6d1b70b\" data-element_type=\"column\">\n\t\t\t<div class=\"elementor-column-wrap elementor-element-populated\">\n\t\t\t\t\t\t\t<div class=\"elementor-widget-wrap\">\n\t\t\t\t\t\t<div class=\"elementor-element elementor-element-26de1ae elementor-widget elementor-widget-wp-widget-athemes_services\" data-id=\"26de1ae\" data-element_type=\"widget\" data-widget_type=\"wp-widget-athemes_services.default\">\n\t\t\t\t<div class=\"elementor-widget-container\">\n\t\t\t\t\t\t\r\n\t\t\t<div class=\"services-section two-cols\">\r\n\r\n\t\t\t\t\t\t\t\t\t\t\t\t\t\t\r\n\t\t\t\t\t<div class=\"services-item\">\r\n\t\t\t\t\t\t\t\t\t\r\n\t\t\t\t\t\t<div class=\"services-icon\">\r\n\t\t\t\t\t\t\t\t\t\t\t\t\t\t\t<i class=\"icon-linegraph\"><\/i>\t\t\t\t\t\t\t\t\t\t\t\t\t<\/div>\r\n\t\t\t\t\t\t\t\t\t\t\t\t<div class=\"service-name\">\r\n\t\t\t\t\t\t\t<h3>Program<\/h3>\r\n\t\t\t\t\t\t<\/div>\r\n\t\t\t\t\t\t<div class=\"service-text general-text\">\r\n\t\t\t\t\t\t\t<p>Spodbujati tiste celoletne programe \u0161portne rekreacije odraslih in starej\u0161ih, katerih cilj je izbolj\u0161anje \u017eivljenjskega sloga s poudarkom na pozitivnem u\u010dinku na zdravje in dobro po\u010dutje udele\u017eencev.<br><br>\r\n\r\nSpodbujati izvedbo celoletnih programov, ki ponujajo pestro in kakovostno gibalno \u0161portno ponudbo v razli\u010dnih \u0161portih in zagotavljajo trajnost do ljudi in do okolja.<br><br>\r\n\r\nIzvajanje animacijskih programov za promocijo \u0161porta v Ljubljani.<br>\r\n\r\nPosebno pozornost namenjamo mladim, starostnikom, invalidom in socialno ogro\u017eenim.<br>\r\n\r\nIzvajati animacijske preventivne programe za krepitev zdravja.<br>\r\n\r\nIzbolj\u0161ati \u0161portno infrastrukturo slab\u0161e razvitih \u0161portnih klubov in dru\u0161tev.<br><br>\r\n\r\n<a href=\"https:\/\/www.sportzazdravje.si\/wp-content\/uploads\/2022\/05\/PROGRAM-S\u030cZZ_28.9..pdf\" target=\"_blank\" rel=\"noopener\" style=\"text-transform: uppercase;font-weight: bold;color: #009640 !important;font-size: x-large;\">povezava do programa<\/a><\/p>\r\n\t\t\t\t\t\t<\/div>\r\n\t\t\t\t\t\t\t\r\n\t\t\t\t\t<\/div>\r\n\t\t\t\t\t\t\t\t\t\t\t\t\t\t\r\n\t\t\t\t\t<div class=\"services-item\">\r\n\t\t\t\t\t\t\t\t\t\r\n\t\t\t\t\t\t<div class=\"services-icon\">\r\n\t\t\t\t\t\t\t\t\t\t\t\t\t\t\t<i class=\"icon-phone\"><\/i>\t\t\t\t\t\t\t\t\t\t\t\t\t<\/div>\r\n\t\t\t\t\t\t\t\t\t\t\t\t<div class=\"service-name\">\r\n\t\t\t\t\t\t\t<h3>O nas<\/h3>\r\n\t\t\t\t\t\t<\/div>\r\n\t\t\t\t\t\t<div class=\"service-text general-text\">\r\n\t\t\t\t\t\t\t<p>V zdru\u017eenju \u0160port za zdravje smo se odlo\u010dili, da na leto\u0161njih lokalnih volitvah za mestni svet mestne ob\u010dine Ljubljana (MOL), nastopimo s svojo listo. Smo neodvisna lista aktivnih mladih ljudi, ki na lokalnih volitvah nastopa neobremenjena od strani dr\u017eavne politike. Od politi\u010dnih strank se tako razlikujemo po tem, da nas ne zanimajo ideolo\u0161ke delitve, ki v dru\u017ebi netijo prepire in slabo voljo. \u017delimo si biti glas vseh ob\u010dank in ob\u010danov MOL, ne glede na njihov ideolo\u0161ki profil.\r\n\r\nNa\u0161 program temelji na stalnem in doslednem propagiranju dveh vrednot: \u0161porta in zdravja. \u017delimo si politi\u010dne podpore, ker edino na ta na\u010din lahko sooblikujemo politiko na MOL in implementiramo zaveze, ki smo jih dali ob\u010dankam in ob\u010danom. Borimo se za profesionalne \u0161portnike in rekreativce. Borimo se za to, da vse ob\u010danke in ob\u010dani imajo dostop do osebnega zdravnika in zobozdravnika.\r\n\r\nV nedeljo 20. novembra pridite na voli\u0161\u010da in obkro\u017eite listo \u0160port za zdravje, ki kandidira pod zaporedno \u0161tevilko 2. \u0160tel bo vsak glas! Ljubljana si to zaslu\u017ei.\r\n\r\n<\/br><a style=\"text-transform: uppercase; font-weight: bold; color: #009640 !important; font-size: x-large;\" href=\"https:\/\/www.sportzazdravje.si\/wp-content\/uploads\/2022\/11\/lista3.pdf\" target=\"_blank\" rel=\"noopener\">Lista za mestni svet MOL<\/a><\/p>\r\n\t\t\t\t\t\t<\/div>\r\n\t\t\t\t\t\t\t\r\n\t\t\t\t\t<\/div>\r\n\t\t\t\t\r\n\t\t\t\t\t\r\n\r\n\t\t\t<\/div>\t\t\t\r\n\t\t\t<\/div>\n\t\t\t\t<\/div>\n\t\t\t\t\t\t<\/div>\n\t\t\t\t\t<\/div>\n\t\t<\/div>\n\t\t\t\t\t\t\t\t<\/div>\n\t\t\t\t\t<\/div>\n\t\t<\/section>\n\t\t\t\t<section class=\"elementor-section elementor-top-section elementor-element elementor-element-00ed9ae elementor-section-stretched elementor-section-full_width elementor-section-height-default elementor-section-height-default\" data-id=\"00ed9ae\" data-element_type=\"section\" data-settings=\"{&quot;stretch_section&quot;:&quot;section-stretched&quot;,&quot;background_background&quot;:&quot;classic&quot;}\">\n\t\t\t\t\t\t<div class=\"elementor-container elementor-column-gap-default\">\n\t\t\t\t\t\t\t<div class=\"elementor-row\">\n\t\t\t\t\t<div class=\"elementor-column elementor-col-100 elementor-top-column elementor-element elementor-element-df14bba\" data-id=\"df14bba\" data-element_type=\"column\">\n\t\t\t<div class=\"elementor-column-wrap elementor-element-populated\">\n\t\t\t\t\t\t\t<div class=\"elementor-widget-wrap\">\n\t\t\t\t\t\t<div class=\"elementor-element elementor-element-4a2667d elementor-widget elementor-widget-menu-anchor\" data-id=\"4a2667d\" data-element_type=\"widget\" data-widget_type=\"menu-anchor.default\">\n\t\t\t\t<div class=\"elementor-widget-container\">\n\t\t\t\t\t<div id=\"Kdo\" class=\"elementor-menu-anchor\"><\/div>\n\t\t\t\t<\/div>\n\t\t\t\t<\/div>\n\t\t\t\t<section class=\"elementor-section elementor-inner-section elementor-element elementor-element-d879580 elementor-section-boxed elementor-section-height-default elementor-section-height-default\" data-id=\"d879580\" data-element_type=\"section\">\n\t\t\t\t\t\t<div class=\"elementor-container elementor-column-gap-default\">\n\t\t\t\t\t\t\t<div class=\"elementor-row\">\n\t\t\t\t\t<div class=\"elementor-column elementor-col-50 elementor-inner-column elementor-element elementor-element-e909de6\" data-id=\"e909de6\" data-element_type=\"column\">\n\t\t\t<div class=\"elementor-column-wrap elementor-element-populated\">\n\t\t\t\t\t\t\t<div class=\"elementor-widget-wrap\">\n\t\t\t\t\t\t<div class=\"elementor-element elementor-element-fd65992 elementor-view-default elementor-widget elementor-widget-icon\" data-id=\"fd65992\" data-element_type=\"widget\" data-widget_type=\"icon.default\">\n\t\t\t\t<div class=\"elementor-widget-container\">\n\t\t\t\t\t<div class=\"elementor-icon-wrapper\">\n\t\t\t<div class=\"elementor-icon\">\n\t\t\t<i aria-hidden=\"true\" class=\"fas fa-phone\"><\/i>\t\t\t<\/div>\n\t\t<\/div>\n\t\t\t\t<\/div>\n\t\t\t\t<\/div>\n\t\t\t\t<div class=\"elementor-element elementor-element-f23b7d7 elementor-widget elementor-widget-heading\" data-id=\"f23b7d7\" data-element_type=\"widget\" data-widget_type=\"heading.default\">\n\t\t\t\t<div class=\"elementor-widget-container\">\n\t\t\t<h2 class=\"elementor-heading-title elementor-size-default\">Kontakt<\/h2>\t\t<\/div>\n\t\t\t\t<\/div>\n\t\t\t\t<div class=\"elementor-element elementor-element-f1ce6fa elementor-widget elementor-widget-text-editor\" data-id=\"f1ce6fa\" data-element_type=\"widget\" data-widget_type=\"text-editor.default\">\n\t\t\t\t<div class=\"elementor-widget-container\">\n\t\t\t\t\t\t\t\t<div class=\"elementor-text-editor elementor-clearfix\">\n\t\t\t\t<p style=\"text-align: center;\">E-mail: <span style=\"color: #009640;\"><a style=\"color: #009640;\" href=\"mailto:info@sportzazdravje.si\">info@sportzazdravje.si<\/a><\/span><\/p>\t\t\t\t\t<\/div>\n\t\t\t\t\t\t<\/div>\n\t\t\t\t<\/div>\n\t\t\t\t\t\t<\/div>\n\t\t\t\t\t<\/div>\n\t\t<\/div>\n\t\t\t\t<div class=\"elementor-column elementor-col-50 elementor-inner-column elementor-element elementor-element-41fbf8e\" data-id=\"41fbf8e\" data-element_type=\"column\">\n\t\t\t<div class=\"elementor-column-wrap elementor-element-populated\">\n\t\t\t\t\t\t\t<div class=\"elementor-widget-wrap\">\n\t\t\t\t\t\t<div class=\"elementor-element elementor-element-b7eac7f elementor-view-default elementor-widget elementor-widget-icon\" data-id=\"b7eac7f\" data-element_type=\"widget\" data-widget_type=\"icon.default\">\n\t\t\t\t<div class=\"elementor-widget-container\">\n\t\t\t\t\t<div class=\"elementor-icon-wrapper\">\n\t\t\t<div class=\"elementor-icon\">\n\t\t\t<i aria-hidden=\"true\" class=\"fas fa-users\"><\/i>\t\t\t<\/div>\n\t\t<\/div>\n\t\t\t\t<\/div>\n\t\t\t\t<\/div>\n\t\t\t\t<div class=\"elementor-element elementor-element-5ea6dfd elementor-widget elementor-widget-heading\" data-id=\"5ea6dfd\" data-element_type=\"widget\" data-widget_type=\"heading.default\">\n\t\t\t\t<div class=\"elementor-widget-container\">\n\t\t\t<h2 class=\"elementor-heading-title elementor-size-default\">STRANKA LISTA<br>\n\u0160PORT ZA ZDRAVJE<\/h2>\t\t<\/div>\n\t\t\t\t<\/div>\n\t\t\t\t\t\t<\/div>\n\t\t\t\t\t<\/div>\n\t\t<\/div>\n\t\t\t\t\t\t\t\t<\/div>\n\t\t\t\t\t<\/div>\n\t\t<\/section>\n\t\t\t\t\t\t<\/div>\n\t\t\t\t\t<\/div>\n\t\t<\/div>\n\t\t\t\t\t\t\t\t<\/div>\n\t\t\t\t\t<\/div>\n\t\t<\/section>\n\t\t\t\t<section class=\"elementor-section elementor-top-section elementor-element elementor-element-3024d88 elementor-section-stretched elementor-section-full_width elementor-section-height-default elementor-section-height-default\" data-id=\"3024d88\" data-element_type=\"section\" data-settings=\"{&quot;stretch_section&quot;:&quot;section-stretched&quot;,&quot;background_background&quot;:&quot;classic&quot;}\">\n\t\t\t\t\t\t<div class=\"elementor-container elementor-column-gap-default\">\n\t\t\t\t\t\t\t<div class=\"elementor-row\">\n\t\t\t\t\t<div class=\"elementor-column elementor-col-100 elementor-top-column elementor-element elementor-element-4d242df\" data-id=\"4d242df\" data-element_type=\"column\">\n\t\t\t<div class=\"elementor-column-wrap elementor-element-populated\">\n\t\t\t\t\t\t\t<div class=\"elementor-widget-wrap\">\n\t\t\t\t\t\t<section class=\"elementor-section elementor-inner-section elementor-element elementor-element-c183c2f elementor-section-boxed elementor-section-height-default elementor-section-height-default\" data-id=\"c183c2f\" data-element_type=\"section\">\n\t\t\t\t\t\t<div class=\"elementor-container elementor-column-gap-default\">\n\t\t\t\t\t\t\t<div class=\"elementor-row\">\n\t\t\t\t\t<div class=\"elementor-column elementor-col-100 elementor-inner-column elementor-element elementor-element-ec6c268\" data-id=\"ec6c268\" data-element_type=\"column\">\n\t\t\t<div class=\"elementor-column-wrap elementor-element-populated\">\n\t\t\t\t\t\t\t<div class=\"elementor-widget-wrap\">\n\t\t\t\t\t\t<div class=\"elementor-element elementor-element-0975136 elementor-widget elementor-widget-heading\" data-id=\"0975136\" data-element_type=\"widget\" data-widget_type=\"heading.default\">\n\t\t\t\t<div class=\"elementor-widget-container\">\n\t\t\t<h2 class=\"elementor-heading-title elementor-size-default\">Socialni mediji<\/h2>\t\t<\/div>\n\t\t\t\t<\/div>\n\t\t\t\t\t\t<\/div>\n\t\t\t\t\t<\/div>\n\t\t<\/div>\n\t\t\t\t\t\t\t\t<\/div>\n\t\t\t\t\t<\/div>\n\t\t<\/section>\n\t\t\t\t<section class=\"elementor-section elementor-inner-section elementor-element elementor-element-93b5f1e elementor-section-boxed elementor-section-height-default elementor-section-height-default\" data-id=\"93b5f1e\" data-element_type=\"section\">\n\t\t\t\t\t\t<div class=\"elementor-container elementor-column-gap-default\">\n\t\t\t\t\t\t\t<div class=\"elementor-row\">\n\t\t\t\t\t<div class=\"elementor-column elementor-col-33 elementor-inner-column elementor-element elementor-element-8792ca5\" data-id=\"8792ca5\" data-element_type=\"column\">\n\t\t\t<div class=\"elementor-column-wrap elementor-element-populated\">\n\t\t\t\t\t\t\t<div class=\"elementor-widget-wrap\">\n\t\t\t\t\t\t<div class=\"elementor-element elementor-element-617524e elementor-view-default elementor-widget elementor-widget-icon\" data-id=\"617524e\" data-element_type=\"widget\" data-widget_type=\"icon.default\">\n\t\t\t\t<div class=\"elementor-widget-container\">\n\t\t\t\t\t<div class=\"elementor-icon-wrapper\">\n\t\t\t<a class=\"elementor-icon\" href=\"http:\/\/www.facebook.com\/sportzazdravje2022\" target=\"_blank\">\n\t\t\t<i aria-hidden=\"true\" class=\"fab fa-facebook-square\"><\/i>\t\t\t<\/a>\n\t\t<\/div>\n\t\t\t\t<\/div>\n\t\t\t\t<\/div>\n\t\t\t\t\t\t<\/div>\n\t\t\t\t\t<\/div>\n\t\t<\/div>\n\t\t\t\t<div class=\"elementor-column elementor-col-33 elementor-inner-column elementor-element elementor-element-144717e\" data-id=\"144717e\" data-element_type=\"column\">\n\t\t\t<div class=\"elementor-column-wrap elementor-element-populated\">\n\t\t\t\t\t\t\t<div class=\"elementor-widget-wrap\">\n\t\t\t\t\t\t<div class=\"elementor-element elementor-element-158990c elementor-view-default elementor-widget elementor-widget-icon\" data-id=\"158990c\" data-element_type=\"widget\" data-widget_type=\"icon.default\">\n\t\t\t\t<div class=\"elementor-widget-container\">\n\t\t\t\t\t<div class=\"elementor-icon-wrapper\">\n\t\t\t<a class=\"elementor-icon\" href=\"http:\/\/www.instagram.com\/sport_za_zdravje\" target=\"_blank\">\n\t\t\t<i aria-hidden=\"true\" class=\"fab fa-instagram\"><\/i>\t\t\t<\/a>\n\t\t<\/div>\n\t\t\t\t<\/div>\n\t\t\t\t<\/div>\n\t\t\t\t\t\t<\/div>\n\t\t\t\t\t<\/div>\n\t\t<\/div>\n\t\t\t\t<div class=\"elementor-column elementor-col-33 elementor-inner-column elementor-element elementor-element-9dd2173\" data-id=\"9dd2173\" data-element_type=\"column\">\n\t\t\t<div class=\"elementor-column-wrap elementor-element-populated\">\n\t\t\t\t\t\t\t<div class=\"elementor-widget-wrap\">\n\t\t\t\t\t\t<div class=\"elementor-element elementor-element-af0cf44 elementor-view-default elementor-widget elementor-widget-icon\" data-id=\"af0cf44\" data-element_type=\"widget\" data-widget_type=\"icon.default\">\n\t\t\t\t<div class=\"elementor-widget-container\">\n\t\t\t\t\t<div class=\"elementor-icon-wrapper\">\n\t\t\t<a class=\"elementor-icon\" href=\"http:\/\/www.tiktok.com\/@sport_za_zdravje\" target=\"_blank\">\n\t\t\t<i aria-hidden=\"true\" class=\"fab fa-tiktok\"><\/i>\t\t\t<\/a>\n\t\t<\/div>\n\t\t\t\t<\/div>\n\t\t\t\t<\/div>\n\t\t\t\t\t\t<\/div>\n\t\t\t\t\t<\/div>\n\t\t<\/div>\n\t\t\t\t\t\t\t\t<\/div>\n\t\t\t\t\t<\/div>\n\t\t<\/section>\n\t\t\t\t\t\t<\/div>\n\t\t\t\t\t<\/div>\n\t\t<\/div>\n\t\t\t\t\t\t\t\t<\/div>\n\t\t\t\t\t<\/div>\n\t\t<\/section>\n\t\t\t\t\t\t\t\t\t<\/div>\n\t\t\t<\/div>\n\t\t\t\t\t<\/div>","protected":false},"excerpt":{"rendered":"<p>http:\/\/www.sportzazdravje.si\/wp-content\/uploads\/2022\/05\/Sport%20za%20zdravje_16-9.mp4 Kontakt E-mail: info@sportzazdravje.si STRANKA LISTA \u0160PORT ZA ZDRAVJE Socialni mediji<\/p>","protected":false},"author":1,"featured_media":0,"parent":0,"menu_order":0,"comment_status":"closed","ping_status":"closed","template":"elementor_header_footer","meta":{"_mi_skip_tracking":false},"_links":{"self":[{"href":"https:\/\/www.sportzazdravje.si\/en\/wp-json\/wp\/v2\/pages\/235"}],"collection":[{"href":"https:\/\/www.sportzazdravje.si\/en\/wp-json\/wp\/v2\/pages"}],"about":[{"href":"https:\/\/www.sportzazdravje.si\/en\/wp-json\/wp\/v2\/types\/page"}],"author":[{"embeddable":true,"href":"https:\/\/www.sportzazdravje.si\/en\/wp-json\/wp\/v2\/users\/1"}],"replies":[{"embeddable":true,"href":"https:\/\/www.sportzazdravje.si\/en\/wp-json\/wp\/v2\/comments?post=235"}],"version-history":[{"count":146,"href":"https:\/\/www.sportzazdravje.si\/en\/wp-json\/wp\/v2\/pages\/235\/revisions"}],"predecessor-version":[{"id":736,"href":"https:\/\/www.sportzazdravje.si\/en\/wp-json\/wp\/v2\/pages\/235\/revisions\/736"}],"wp:attachment":[{"href":"https:\/\/www.sportzazdravje.si\/en\/wp-json\/wp\/v2\/media?parent=235"}],"curies":[{"name":"wp","href":"https:\/\/api.w.org\/{rel}","templated":true}]}}