{"id":593,"date":"2022-06-27T07:33:14","date_gmt":"2022-06-27T07:33:14","guid":{"rendered":"https:\/\/www.sportzazdravje.si\/?page_id=593"},"modified":"2022-11-14T14:47:46","modified_gmt":"2022-11-14T14:47:46","slug":"inciativa-za-povecanje-sportne-aktivnosti-otrok-v-osnovnih-solah","status":"publish","type":"page","link":"https:\/\/www.sportzazdravje.si\/en\/inciativa-za-povecanje-sportne-aktivnosti-otrok-v-osnovnih-solah\/","title":{"rendered":"Iniciativa za pove\u010danje \u0161portne aktivnosti otrok v osnovnih \u0161olah"},"content":{"rendered":"<div data-elementor-type=\"wp-page\" data-elementor-id=\"593\" class=\"elementor elementor-593\">\n\t\t\t\t\t\t<div class=\"elementor-inner\">\n\t\t\t\t<div class=\"elementor-section-wrap\">\n\t\t\t\t\t\t\t\t\t<section class=\"elementor-section elementor-top-section elementor-element elementor-element-f20e7d9 elementor-section-boxed elementor-section-height-default elementor-section-height-default\" data-id=\"f20e7d9\" data-element_type=\"section\">\n\t\t\t\t\t\t<div class=\"elementor-container elementor-column-gap-default\">\n\t\t\t\t\t\t\t<div class=\"elementor-row\">\n\t\t\t\t\t<div class=\"elementor-column elementor-col-100 elementor-top-column elementor-element elementor-element-3b49248\" data-id=\"3b49248\" data-element_type=\"column\">\n\t\t\t<div class=\"elementor-column-wrap elementor-element-populated\">\n\t\t\t\t\t\t\t<div class=\"elementor-widget-wrap\">\n\t\t\t\t\t\t<div class=\"elementor-element elementor-element-c3e793e elementor-widget elementor-widget-text-editor\" data-id=\"c3e793e\" data-element_type=\"widget\" data-widget_type=\"text-editor.default\">\n\t\t\t\t<div class=\"elementor-widget-container\">\n\t\t\t\t\t\t\t\t<div class=\"elementor-text-editor elementor-clearfix\">\n\t\t\t\t<p dir=\"ltr\" style=\"line-height: 1.2; text-align: justify; margin-top: 0pt; margin-bottom: 0pt;\"><span style=\"font-size: 12pt; font-family: 'Helvetica Neue',sans-serif; color: #000000; background-color: transparent; font-weight: 400; font-style: normal; font-variant: normal; text-decoration: none; vertical-align: baseline; white-space: pre-wrap;\">Pridru\u017eite se iniciativi za pove\u010danje \u0161portne aktivnosti otrok v osnovnih \u0161olah.<\/span><\/p><p dir=\"ltr\" style=\"line-height: 1.2; text-align: justify; margin-top: 0pt; margin-bottom: 0pt;\"><span style=\"font-size: 12pt; font-family: 'Helvetica Neue',sans-serif; color: #000000; background-color: transparent; font-weight: 400; font-style: normal; font-variant: normal; text-decoration: none; vertical-align: baseline; white-space: pre-wrap;\">\u00a0<\/span><\/p><p dir=\"ltr\" style=\"line-height: 1.2; text-align: justify; margin-top: 0pt; margin-bottom: 0pt;\"><span style=\"font-size: 12pt; font-family: 'Helvetica Neue',sans-serif; color: #000000; background-color: transparent; font-weight: 400; font-style: normal; font-variant: normal; text-decoration: none; vertical-align: baseline; white-space: pre-wrap;\">Moramo se zavedati, da je izredna zdravstvena kriza v \u010dasu pandemije koronavirusa (COVID-19), negativno vplivala na otroke v osnovnih \u0161olah. Prav izredne zdravstvene razmere so pedagoge po celem svetu prisilile v virtualno izvedbo telesnega razvoja na\u0161ih otrok. Stvar je funkcionirala v danih gabaritih. Zavedati se moramo, da bodo na\u0161i otroci posledice te izolacije ob\u010dutili ob vstopu v puberteto. Za nadaljnji psihofizi\u010dni razvoj je zato NUJNO, da na\u0161i otroci\u00a0<\/span><span style=\"font-size: 12pt; font-family: 'Helvetica Neue',sans-serif; color: #000000; background-color: transparent; font-weight: bold; font-style: normal; font-variant: normal; text-decoration: none; vertical-align: baseline; white-space: pre-wrap;\">pove\u010dajo svojo \u0161portno aktivnost<\/span><span style=\"font-size: 12pt; font-family: 'Helvetica Neue',sans-serif; color: #000000; background-color: transparent; font-weight: 400; font-style: normal; font-variant: normal; text-decoration: none; vertical-align: baseline; white-space: pre-wrap;\">\u00a0in s tem izvedbo predmeta \u0160PORTNA\u00a0VZGOJA na podlagi u\u010dnega na\u010drta Strokovnega sveta Republike Slovenije za izobra\u017eevanje<\/span><span style=\"font-size: 12pt; font-family: 'Helvetica Neue',sans-serif; color: #000000; background-color: transparent; font-weight: bold; font-style: normal; font-variant: normal; text-decoration: none; vertical-align: baseline; white-space: pre-wrap;\">, za vsaj 15%<\/span><span style=\"font-size: 12pt; font-family: 'Helvetica Neue',sans-serif; color: #000000; background-color: transparent; font-weight: 400; font-style: normal; font-variant: normal; text-decoration: none; vertical-align: baseline; white-space: pre-wrap;\">, kar predstavlja 125 \u0161olskih ur ve\u010d v devet letnem trajanju u\u010dnega programa \u0161portne vzgoje v osnovnih \u0161olah.\u00a0<\/span><\/p><p dir=\"ltr\" style=\"line-height: 1.2; text-align: justify; margin-top: 0pt; margin-bottom: 0pt;\"><span style=\"background-color: transparent; color: #000000; font-family: 'Helvetica Neue', sans-serif; font-size: 12pt; font-weight: var( --e-global-typography-text-font-weight ); white-space: pre-wrap;\">\u00a0<\/span><\/p><p dir=\"ltr\" style=\"line-height: 1.2; text-align: justify; margin-top: 0pt; margin-bottom: 0pt;\"><span style=\"background-color: transparent; color: #000000; font-family: 'Helvetica Neue', sans-serif; font-size: 12pt; font-weight: var( --e-global-typography-text-font-weight ); white-space: pre-wrap;\">Vse star\u0161e in institucije, ki stremite k zdravemu \u017eivljenjskemu slogu na\u0161ih otrok vabimo, da s podpisom izrazite podporo peticiji pove\u010danja \u0161portne aktivnosti otrok v osnovnih \u0161olah.<\/span><\/p><p dir=\"ltr\" style=\"line-height: 1.2; text-align: justify; margin-top: 0pt; margin-bottom: 0pt;\"><span style=\"background-color: transparent; color: #000000; font-family: 'Helvetica Neue', sans-serif; font-size: 12pt; font-weight: var( --e-global-typography-text-font-weight ); white-space: pre-wrap;\">\u00a0<\/span><\/p><p dir=\"ltr\" style=\"line-height: 1.2; text-align: justify; margin-top: 0pt; margin-bottom: 0pt;\"><span style=\"font-size: 12pt; font-family: 'Helvetica Neue',sans-serif; color: #000000; background-color: transparent; font-weight: 400; font-style: normal; font-variant: normal; text-decoration: none; vertical-align: baseline; white-space: pre-wrap;\">Vnaprej se zahvaljujem!<br \/><br \/><\/span><\/p><p class=\"MsoNormal\"><span style=\"font-size: 13.5pt; font-family: 'Arial',sans-serif; color: black;\">Peticijo za 15% pove\u010danje \u0161portne aktivnosti otrok v osnovnih \u0161olah je podpisalo 1.084 oseb.<\/span><\/p>\t\t\t\t\t<\/div>\n\t\t\t\t\t\t<\/div>\n\t\t\t\t<\/div>\n\t\t\t\t\t\t<\/div>\n\t\t\t\t\t<\/div>\n\t\t<\/div>\n\t\t\t\t\t\t\t\t<\/div>\n\t\t\t\t\t<\/div>\n\t\t<\/section>\n\t\t\t\t\t\t\t\t\t<\/div>\n\t\t\t<\/div>\n\t\t\t\t\t<\/div>","protected":false},"excerpt":{"rendered":"<p>Pridru\u017eite se iniciativi za pove\u010danje \u0161portne aktivnosti otrok v osnovnih \u0161olah. \u00a0 Moramo se zavedati, da je izredna zdravstvena kriza&nbsp;[&hellip;]<\/p>","protected":false},"author":2,"featured_media":0,"parent":0,"menu_order":0,"comment_status":"closed","ping_status":"closed","template":"elementor_theme","meta":{"_mi_skip_tracking":false},"_links":{"self":[{"href":"https:\/\/www.sportzazdravje.si\/en\/wp-json\/wp\/v2\/pages\/593"}],"collection":[{"href":"https:\/\/www.sportzazdravje.si\/en\/wp-json\/wp\/v2\/pages"}],"about":[{"href":"https:\/\/www.sportzazdravje.si\/en\/wp-json\/wp\/v2\/types\/page"}],"author":[{"embeddable":true,"href":"https:\/\/www.sportzazdravje.si\/en\/wp-json\/wp\/v2\/users\/2"}],"replies":[{"embeddable":true,"href":"https:\/\/www.sportzazdravje.si\/en\/wp-json\/wp\/v2\/comments?post=593"}],"version-history":[{"count":16,"href":"https:\/\/www.sportzazdravje.si\/en\/wp-json\/wp\/v2\/pages\/593\/revisions"}],"predecessor-version":[{"id":765,"href":"https:\/\/www.sportzazdravje.si\/en\/wp-json\/wp\/v2\/pages\/593\/revisions\/765"}],"wp:attachment":[{"href":"https:\/\/www.sportzazdravje.si\/en\/wp-json\/wp\/v2\/media?parent=593"}],"curies":[{"name":"wp","href":"https:\/\/api.w.org\/{rel}","templated":true}]}}